{"id":134,"date":"2018-03-31T15:35:04","date_gmt":"2018-03-31T15:35:04","guid":{"rendered":"http:\/\/cs-interiorsolutions.de\/?page_id=134"},"modified":"2018-04-01T20:20:07","modified_gmt":"2018-04-01T20:20:07","slug":"schraenke","status":"publish","type":"page","link":"https:\/\/cs-interiorsolutions.de\/?page_id=134","title":{"rendered":"Schr\u00e4nke"},"content":{"rendered":"<p>Schr\u00e4nke mit Dreht\u00fcren oder offen<\/p>\n<p><strong>Tiefe<\/strong> 500mm\u00a0\u00a0 <strong>Breite<\/strong> 450 und 900mm\u00a0\u00a0 \u00a0\u00a0 <strong>H\u00f6hen<\/strong> 722mm\u00a0 1234mm\u00a0\u00a0 1938mm<\/p>\n\n\t\t\t<style type='text\/css'>\n\t\t\t\t#gallery-1 {\n\t\t\t\t\tmargin: auto;\n\t\t\t\t}\n\t\t\t\t#gallery-1 .gallery-item {\n\t\t\t\t\tfloat: left;\n\t\t\t\t\tmargin-top: 10px;\n\t\t\t\t\ttext-align: center;\n\t\t\t\t\twidth: 33.33%;\n\t\t\t\t}\n\t\t\t\t#gallery-1 img {\n\t\t\t\t\tborder: 2px solid #cfcfcf;\n\t\t\t\t}\n\t\t\t\t#gallery-1 .gallery-caption {\n\t\t\t\t\tmargin-left: 0;\n\t\t\t\t}\n\t\t\t\t\/* see gallery_shortcode() in wp-includes\/media.php *\/\n\t\t\t<\/style>\n\t\t<div id='gallery-1' class='gallery galleryid-134 gallery-columns-3 gallery-size-thumbnail '><dl class='gallery-item'>\n\t\t\t\t<dt class='gallery-icon landscape'>\n\t\t\t\t\t<a href='https:\/\/cs-interiorsolutions.de\/wp-content\/uploads\/2018\/03\/2263GR11_GEN_06.jpg' data-rel=\"lightbox-gallery-0\"><img width=\"300\" height=\"200\" src=\"https:\/\/cs-interiorsolutions.de\/wp-content\/uploads\/2018\/03\/2263GR11_GEN_06-300x200.jpg\" class=\"attachment-thumbnail size-thumbnail\" alt=\"\" loading=\"lazy\" \/><\/a>\n\t\t\t\t<\/dt><\/dl><dl class='gallery-item'>\n\t\t\t\t<dt class='gallery-icon landscape'>\n\t\t\t\t\t<a href='https:\/\/cs-interiorsolutions.de\/wp-content\/uploads\/2018\/03\/novanta-1024x587.jpg' data-rel=\"lightbox-gallery-0\"><img width=\"300\" height=\"200\" src=\"https:\/\/cs-interiorsolutions.de\/wp-content\/uploads\/2018\/03\/novanta-300x200.jpg\" class=\"attachment-thumbnail size-thumbnail\" alt=\"\" loading=\"lazy\" \/><\/a>\n\t\t\t\t<\/dt><\/dl><dl class='gallery-item'>\n\t\t\t\t<dt class='gallery-icon portrait'>\n\t\t\t\t\t<a href='https:\/\/cs-interiorsolutions.de\/wp-content\/uploads\/2018\/03\/2263GR11_GEN.jpg' data-rel=\"lightbox-gallery-0\"><img width=\"300\" height=\"200\" src=\"https:\/\/cs-interiorsolutions.de\/wp-content\/uploads\/2018\/03\/2263GR11_GEN-300x200.jpg\" class=\"attachment-thumbnail size-thumbnail\" alt=\"\" loading=\"lazy\" \/><\/a>\n\t\t\t\t<\/dt><\/dl><br style=\"clear: both\" \/>\n\t\t\t<\/div>\n\n<p><strong>Tiefe<\/strong> 440mm\u00a0\u00a0 <strong>Breite<\/strong> 400 und 800mm \u00a0 \u00a0 <strong>H\u00f6hen<\/strong> 722mm\u00a0 1234mm\u00a0\u00a0 1938mm<\/p>\n\n\t\t\t<style type='text\/css'>\n\t\t\t\t#gallery-2 {\n\t\t\t\t\tmargin: auto;\n\t\t\t\t}\n\t\t\t\t#gallery-2 .gallery-item {\n\t\t\t\t\tfloat: left;\n\t\t\t\t\tmargin-top: 10px;\n\t\t\t\t\ttext-align: center;\n\t\t\t\t\twidth: 33.33%;\n\t\t\t\t}\n\t\t\t\t#gallery-2 img {\n\t\t\t\t\tborder: 2px solid #cfcfcf;\n\t\t\t\t}\n\t\t\t\t#gallery-2 .gallery-caption {\n\t\t\t\t\tmargin-left: 0;\n\t\t\t\t}\n\t\t\t\t\/* see gallery_shortcode() in wp-includes\/media.php *\/\n\t\t\t<\/style>\n\t\t<div id='gallery-2' class='gallery galleryid-134 gallery-columns-3 gallery-size-thumbnail '><dl class='gallery-item'>\n\t\t\t\t<dt class='gallery-icon landscape'>\n\t\t\t\t\t<a href='https:\/\/cs-interiorsolutions.de\/wp-content\/uploads\/2018\/03\/800hinged-doors6-1024x671.jpg' data-rel=\"lightbox-gallery-0\"><img width=\"300\" height=\"200\" src=\"https:\/\/cs-interiorsolutions.de\/wp-content\/uploads\/2018\/03\/800hinged-doors6-300x200.jpg\" class=\"attachment-thumbnail size-thumbnail\" alt=\"\" loading=\"lazy\" srcset=\"https:\/\/cs-interiorsolutions.de\/wp-content\/uploads\/2018\/03\/800hinged-doors6-300x200.jpg 300w, https:\/\/cs-interiorsolutions.de\/wp-content\/uploads\/2018\/03\/800hinged-doors6-50x33.jpg 50w\" sizes=\"(max-width: 300px) 100vw, 300px\" \/><\/a>\n\t\t\t\t<\/dt><\/dl><dl class='gallery-item'>\n\t\t\t\t<dt class='gallery-icon portrait'>\n\t\t\t\t\t<a href='https:\/\/cs-interiorsolutions.de\/wp-content\/uploads\/2018\/03\/800hinged-doors3-755x1024.jpg' data-rel=\"lightbox-gallery-0\"><img width=\"300\" height=\"200\" src=\"https:\/\/cs-interiorsolutions.de\/wp-content\/uploads\/2018\/03\/800hinged-doors3-300x200.jpg\" class=\"attachment-thumbnail size-thumbnail\" alt=\"\" loading=\"lazy\" \/><\/a>\n\t\t\t\t<\/dt><\/dl><dl class='gallery-item'>\n\t\t\t\t<dt class='gallery-icon portrait'>\n\t\t\t\t\t<a href='https:\/\/cs-interiorsolutions.de\/wp-content\/uploads\/2018\/03\/800hinged-doors2-761x1024.jpg' data-rel=\"lightbox-gallery-0\"><img width=\"300\" height=\"200\" src=\"https:\/\/cs-interiorsolutions.de\/wp-content\/uploads\/2018\/03\/800hinged-doors2-300x200.jpg\" class=\"attachment-thumbnail size-thumbnail\" alt=\"\" loading=\"lazy\" \/><\/a>\n\t\t\t\t<\/dt><\/dl><br style=\"clear: both\" \/>\n\t\t\t<\/div>\n\n<p>Schiebet\u00fcrschr\u00e4nke<\/p>\n<p><strong>Tiefe<\/strong> 466mm<\/p>\n<p><strong>Breite<\/strong> 1600\u00a0 1800\u00a0 2000\u00a0 2400mm\u00a0\u00a0 \u00a0\u00a0 <strong>H\u00f6hen<\/strong> 816mm\u00a0 1200mm\u00a0\u00a0 1968mm<\/p>\n\n\t\t\t<style type='text\/css'>\n\t\t\t\t#gallery-3 {\n\t\t\t\t\tmargin: auto;\n\t\t\t\t}\n\t\t\t\t#gallery-3 .gallery-item {\n\t\t\t\t\tfloat: left;\n\t\t\t\t\tmargin-top: 10px;\n\t\t\t\t\ttext-align: center;\n\t\t\t\t\twidth: 33.33%;\n\t\t\t\t}\n\t\t\t\t#gallery-3 img {\n\t\t\t\t\tborder: 2px solid #cfcfcf;\n\t\t\t\t}\n\t\t\t\t#gallery-3 .gallery-caption {\n\t\t\t\t\tmargin-left: 0;\n\t\t\t\t}\n\t\t\t\t\/* see gallery_shortcode() in wp-includes\/media.php *\/\n\t\t\t<\/style>\n\t\t<div id='gallery-3' class='gallery galleryid-134 gallery-columns-3 gallery-size-thumbnail '><dl class='gallery-item'>\n\t\t\t\t<dt class='gallery-icon landscape'>\n\t\t\t\t\t<a href='https:\/\/cs-interiorsolutions.de\/wp-content\/uploads\/2018\/03\/ROMOLO-high-1024x931.jpg' data-rel=\"lightbox-gallery-0\"><img width=\"300\" height=\"200\" src=\"https:\/\/cs-interiorsolutions.de\/wp-content\/uploads\/2018\/03\/ROMOLO-high-300x200.jpg\" class=\"attachment-thumbnail size-thumbnail\" alt=\"\" loading=\"lazy\" \/><\/a>\n\t\t\t\t<\/dt><\/dl><dl class='gallery-item'>\n\t\t\t\t<dt class='gallery-icon landscape'>\n\t\t\t\t\t<a href='https:\/\/cs-interiorsolutions.de\/wp-content\/uploads\/2018\/03\/romolo-cover-1024x587.jpg' data-rel=\"lightbox-gallery-0\"><img width=\"300\" height=\"200\" src=\"https:\/\/cs-interiorsolutions.de\/wp-content\/uploads\/2018\/03\/romolo-cover-300x200.jpg\" class=\"attachment-thumbnail size-thumbnail\" alt=\"\" loading=\"lazy\" \/><\/a>\n\t\t\t\t<\/dt><\/dl><dl class='gallery-item'>\n\t\t\t\t<dt class='gallery-icon landscape'>\n\t\t\t\t\t<a href='https:\/\/cs-interiorsolutions.de\/wp-content\/uploads\/2018\/03\/ibis-antracite-19-1024x808.jpg' data-rel=\"lightbox-gallery-0\"><img width=\"300\" height=\"200\" src=\"https:\/\/cs-interiorsolutions.de\/wp-content\/uploads\/2018\/03\/ibis-antracite-19-300x200.jpg\" class=\"attachment-thumbnail size-thumbnail\" alt=\"\" loading=\"lazy\" \/><\/a>\n\t\t\t\t<\/dt><\/dl><br style=\"clear: both\" \/>\n\t\t\t<\/div>\n\n<p><a href=\"http:\/\/cs-interiorsolutions.de\">Startseite<\/a><\/p>\n","protected":false},"excerpt":{"rendered":"<p>Schr\u00e4nke mit Dreht\u00fcren oder offen Tiefe 500mm\u00a0\u00a0 Breite 450 und 900mm\u00a0\u00a0 \u00a0\u00a0 H\u00f6hen 722mm\u00a0 1234mm\u00a0\u00a0 1938mm Tiefe 440mm\u00a0\u00a0 Breite 400 und 800mm \u00a0 \u00a0 H\u00f6hen 722mm\u00a0<span class=\"excerpt-hellip\"> [\u2026]<\/span><\/p>\n","protected":false},"author":1,"featured_media":159,"parent":0,"menu_order":0,"comment_status":"closed","ping_status":"closed","template":"","meta":[],"_links":{"self":[{"href":"https:\/\/cs-interiorsolutions.de\/index.php?rest_route=\/wp\/v2\/pages\/134"}],"collection":[{"href":"https:\/\/cs-interiorsolutions.de\/index.php?rest_route=\/wp\/v2\/pages"}],"about":[{"href":"https:\/\/cs-interiorsolutions.de\/index.php?rest_route=\/wp\/v2\/types\/page"}],"author":[{"embeddable":true,"href":"https:\/\/cs-interiorsolutions.de\/index.php?rest_route=\/wp\/v2\/users\/1"}],"replies":[{"embeddable":true,"href":"https:\/\/cs-interiorsolutions.de\/index.php?rest_route=%2Fwp%2Fv2%2Fcomments&post=134"}],"version-history":[{"count":6,"href":"https:\/\/cs-interiorsolutions.de\/index.php?rest_route=\/wp\/v2\/pages\/134\/revisions"}],"predecessor-version":[{"id":168,"href":"https:\/\/cs-interiorsolutions.de\/index.php?rest_route=\/wp\/v2\/pages\/134\/revisions\/168"}],"wp:featuredmedia":[{"embeddable":true,"href":"https:\/\/cs-interiorsolutions.de\/index.php?rest_route=\/wp\/v2\/media\/159"}],"wp:attachment":[{"href":"https:\/\/cs-interiorsolutions.de\/index.php?rest_route=%2Fwp%2Fv2%2Fmedia&parent=134"}],"curies":[{"name":"wp","href":"https:\/\/api.w.org\/{rel}","templated":true}]}}